{"id":58,"date":"2022-12-20T12:06:07","date_gmt":"2022-12-20T11:06:07","guid":{"rendered":"https:\/\/mercimamie.com\/?page_id=58"},"modified":"2023-01-16T11:12:35","modified_gmt":"2023-01-16T10:12:35","slug":"nos-actualites","status":"publish","type":"page","link":"https:\/\/mercimamie.com\/en\/nos-actualites\/","title":{"rendered":"Our news"},"content":{"rendered":"[et_pb_section fb_built=\u00a0\u00bb1&Prime; _builder_version=\u00a0\u00bb4.19.4&Prime; _module_preset=\u00a0\u00bbdefault\u00a0\u00bb background_color=\u00a0\u00bb#2f45b5&Prime; height=\u00a0\u00bb8px\u00a0\u00bb height_tablet=\u00a0\u00bb8px\u00a0\u00bb height_phone=\u00a0\u00bb6px\u00a0\u00bb height_last_edited=\u00a0\u00bbon|phone\u00a0\u00bb custom_padding=\u00a0\u00bb0px||0px||false|false\u00a0\u00bb global_colors_info=\u00a0\u00bb{}\u00a0\u00bb][\/et_pb_section][et_pb_section fb_built=\u00a0\u00bb1&Prime; _builder_version=\u00a0\u00bb4.19.4&Prime; _module_preset=\u00a0\u00bbdefault\u00a0\u00bb background_color=\u00a0\u00bb#FFFFFF\u00a0\u00bb height=\u00a0\u00bb8px\u00a0\u00bb height_tablet=\u00a0\u00bb8px\u00a0\u00bb height_phone=\u00a0\u00bb6px\u00a0\u00bb height_last_edited=\u00a0\u00bbon|phone\u00a0\u00bb custom_padding=\u00a0\u00bb0px||0px||false|false\u00a0\u00bb global_colors_info=\u00a0\u00bb{}\u00a0\u00bb][\/et_pb_section][et_pb_section fb_built=\u00a0\u00bb1&Prime; _builder_version=\u00a0\u00bb4.19.4&Prime; _module_preset=\u00a0\u00bbdefault\u00a0\u00bb background_color=\u00a0\u00bb#d33737&Prime; height=\u00a0\u00bb8px\u00a0\u00bb height_tablet=\u00a0\u00bb8px\u00a0\u00bb height_phone=\u00a0\u00bb6px\u00a0\u00bb height_last_edited=\u00a0\u00bbon|phone\u00a0\u00bb custom_padding=\u00a0\u00bb0px||0px||false|false\u00a0\u00bb global_colors_info=\u00a0\u00bb{}\u00a0\u00bb][\/et_pb_section][et_pb_section fb_built=\u00a0\u00bb1&Prime; custom_padding_last_edited=\u00a0\u00bbon|phone\u00a0\u00bb _builder_version=\u00a0\u00bb4.19.4&Prime; _module_preset=\u00a0\u00bbdefault\u00a0\u00bb custom_padding_tablet=\u00a0\u00bb\u00a0\u00bb custom_padding_phone=\u00a0\u00bb0px||0px||false|false\u00a0\u00bb global_colors_info=\u00a0\u00bb{}\u00a0\u00bb][et_pb_row _builder_version=\u00a0\u00bb4.19.4&Prime; _module_preset=\u00a0\u00bbdefault\u00a0\u00bb global_colors_info=\u00a0\u00bb{}\u00a0\u00bb][et_pb_column type=\u00a0\u00bb4_4&Prime; _builder_version=\u00a0\u00bb4.19.4&Prime; _module_preset=\u00a0\u00bbdefault\u00a0\u00bb global_colors_info=\u00a0\u00bb{}\u00a0\u00bb][et_pb_text _builder_version=\u00a0\u00bb4.19.4&Prime; _module_preset=\u00a0\u00bbdefault\u00a0\u00bb header_font=\u00a0\u00bbPlayfair Display||||||||\u00a0\u00bb header_3_font=\u00a0\u00bbPlayfair Display||on||||||\u00a0\u00bb header_3_text_align=\u00a0\u00bbcenter\u00a0\u00bb header_3_text_color=\u00a0\u00bb#0C71C3&Prime; header_3_font_size=\u00a0\u00bb60px\u00a0\u00bb header_5_font=\u00a0\u00bbPlayfair Display||on||||||\u00a0\u00bb header_5_text_color=\u00a0\u00bb#2F7ECE\u00a0\u00bb header_5_font_size=\u00a0\u00bb17px\u00a0\u00bb text_orientation=\u00a0\u00bbcenter\u00a0\u00bb header_3_font_size_tablet=\u00a0\u00bb60px\u00a0\u00bb header_3_font_size_phone=\u00a0\u00bb50px\u00a0\u00bb header_3_font_size_last_edited=\u00a0\u00bbon|phone\u00a0\u00bb global_colors_info=\u00a0\u00bb{}\u00a0\u00bb]<h3>News<\/h3>\n<h5>Follow all the Merci Mamie news and stay informed !<\/h5>[\/et_pb_text][\/et_pb_column][\/et_pb_row][\/et_pb_section][et_pb_section fb_built=\u00a0\u00bb1&Prime; _builder_version=\u00a0\u00bb4.19.4&Prime; _module_preset=\u00a0\u00bbdefault\u00a0\u00bb background_color=\u00a0\u00bb#F3F4F6&Prime; custom_padding=\u00a0\u00bb0px||0px||false|false\u00a0\u00bb global_colors_info=\u00a0\u00bb{}\u00a0\u00bb][et_pb_row column_structure=\u00a0\u00bb1_2,1_2&Prime; _builder_version=\u00a0\u00bb4.19.4&Prime; _module_preset=\u00a0\u00bbdefault\u00a0\u00bb global_colors_info=\u00a0\u00bb{}\u00a0\u00bb][et_pb_column type=\u00a0\u00bb1_2&Prime; _builder_version=\u00a0\u00bb4.19.4&Prime; _module_preset=\u00a0\u00bbdefault\u00a0\u00bb global_colors_info=\u00a0\u00bb{}\u00a0\u00bb][et_pb_image src=\u00a0\u00bbhttps:\/\/mercimamie.com\/wp-content\/uploads\/2022\/12\/MerciMamie_actu_Burgers.jpg\u00a0\u00bb title_text=\u00a0\u00bbMerciMamie_actu_Burgers\u00a0\u00bb _builder_version=\u00a0\u00bb4.19.4&Prime; _module_preset=\u00a0\u00bbdefault\u00a0\u00bb global_colors_info=\u00a0\u00bb{}\u00a0\u00bb][\/et_pb_image][\/et_pb_column][et_pb_column type=\u00a0\u00bb1_2&Prime; _builder_version=\u00a0\u00bb4.19.4&Prime; _module_preset=\u00a0\u00bbdefault\u00a0\u00bb global_colors_info=\u00a0\u00bb{}\u00a0\u00bb][et_pb_text _builder_version=\u00a0\u00bb4.19.4&Prime; _module_preset=\u00a0\u00bbdefault\u00a0\u00bb text_font=\u00a0\u00bbQuicksand||||||||\u00a0\u00bb global_colors_info=\u00a0\u00bb{}\u00a0\u00bb]<h1>Artisanal breads buns<\/h1>\n<p>The novelty at Merci Mamie: these artisanal burger buns nature and wholemeal !<br \/>Concocted in our Norman workshops with love, they will delight the amateurs of very greedy burgers.<\/p>\n<p>Find all the product information and our delicious recipes on the Merci Mamie website.<\/p>[\/et_pb_text][\/et_pb_column][\/et_pb_row][\/et_pb_section][et_pb_section fb_built=\u00a0\u00bb1&Prime; _builder_version=\u00a0\u00bb4.19.4&Prime; _module_preset=\u00a0\u00bbdefault\u00a0\u00bb background_color=\u00a0\u00bbRGBA(255,255,255,0)\u00a0\u00bb custom_padding=\u00a0\u00bb0px||0px||false|false\u00a0\u00bb global_colors_info=\u00a0\u00bb{}\u00a0\u00bb][et_pb_row column_structure=\u00a0\u00bb1_2,1_2&Prime; _builder_version=\u00a0\u00bb4.19.4&Prime; _module_preset=\u00a0\u00bbdefault\u00a0\u00bb global_colors_info=\u00a0\u00bb{}\u00a0\u00bb][et_pb_column type=\u00a0\u00bb1_2&Prime; _builder_version=\u00a0\u00bb4.19.4&Prime; _module_preset=\u00a0\u00bbdefault\u00a0\u00bb global_colors_info=\u00a0\u00bb{}\u00a0\u00bb][et_pb_image src=\u00a0\u00bbhttps:\/\/mercimamie.com\/wp-content\/uploads\/2022\/12\/MerciMamie_actu_PateTartiner.jpg\u00a0\u00bb title_text=\u00a0\u00bbMerciMamie_actu_PateTartiner\u00a0\u00bb _builder_version=\u00a0\u00bb4.19.4&Prime; _module_preset=\u00a0\u00bbdefault\u00a0\u00bb global_colors_info=\u00a0\u00bb{}\u00a0\u00bb][\/et_pb_image][\/et_pb_column][et_pb_column type=\u00a0\u00bb1_2&Prime; _builder_version=\u00a0\u00bb4.19.4&Prime; _module_preset=\u00a0\u00bbdefault\u00a0\u00bb global_colors_info=\u00a0\u00bb{}\u00a0\u00bb][et_pb_text _builder_version=\u00a0\u00bb4.19.4&Prime; _module_preset=\u00a0\u00bbdefault\u00a0\u00bb text_font=\u00a0\u00bbQuicksand||||||||\u00a0\u00bb global_colors_info=\u00a0\u00bb{}\u00a0\u00bb]<h1>Artisanal spread<\/h1>\n<div class=\"page\" title=\"Page 5\">\n<div class=\"section\">\n<div class=\"layoutArea\">\n<div class=\"column\">\n<p><span>In order to enhance our gourmet buns and breads, we have created this delicious chocolate-hazelnut spread.<\/span><\/p>\n<p><span>Without palm oil, flavouring or preservatives, our spread goes perfectly with our brioches !<\/span><\/p>\n<\/div>\n<\/div>\n<\/div>\n<\/div>[\/et_pb_text][\/et_pb_column][\/et_pb_row][\/et_pb_section][et_pb_section fb_built=\u00a0\u00bb1&Prime; _builder_version=\u00a0\u00bb4.19.4&Prime; _module_preset=\u00a0\u00bbdefault\u00a0\u00bb background_color=\u00a0\u00bb#F3F4F6&Prime; custom_padding=\u00a0\u00bb0px||0px||false|false\u00a0\u00bb global_colors_info=\u00a0\u00bb{}\u00a0\u00bb][et_pb_row column_structure=\u00a0\u00bb1_2,1_2&Prime; _builder_version=\u00a0\u00bb4.19.4&Prime; _module_preset=\u00a0\u00bbdefault\u00a0\u00bb global_colors_info=\u00a0\u00bb{}\u00a0\u00bb][et_pb_column type=\u00a0\u00bb1_2&Prime; _builder_version=\u00a0\u00bb4.19.4&Prime; _module_preset=\u00a0\u00bbdefault\u00a0\u00bb global_colors_info=\u00a0\u00bb{}\u00a0\u00bb][et_pb_image src=\u00a0\u00bbhttps:\/\/mercimamie.com\/wp-content\/uploads\/2022\/12\/MerciMamie_actu_Confitures.jpg\u00a0\u00bb title_text=\u00a0\u00bbMerciMamie_actu_Confitures\u00a0\u00bb _builder_version=\u00a0\u00bb4.19.4&Prime; _module_preset=\u00a0\u00bbdefault\u00a0\u00bb global_colors_info=\u00a0\u00bb{}\u00a0\u00bb][\/et_pb_image][\/et_pb_column][et_pb_column type=\u00a0\u00bb1_2&Prime; _builder_version=\u00a0\u00bb4.19.4&Prime; _module_preset=\u00a0\u00bbdefault\u00a0\u00bb global_colors_info=\u00a0\u00bb{}\u00a0\u00bb][et_pb_text _builder_version=\u00a0\u00bb4.19.4&Prime; _module_preset=\u00a0\u00bbdefault\u00a0\u00bb text_font=\u00a0\u00bbQuicksand||||||||\u00a0\u00bb global_colors_info=\u00a0\u00bb{}\u00a0\u00bb]<h1>Our range of artisanal jams<\/h1>\n<p>Delicious artisanal jams, which will sublimate your breakfasts !<br \/>Apricots, red fruits and strawberries, there is something for everyone.<\/p>\n<p>Find all the product information on the Merci Mamie website.<\/p>[\/et_pb_text][\/et_pb_column][\/et_pb_row][\/et_pb_section]","protected":false},"excerpt":{"rendered":"<p>Actualit\u00e9s Suivez toute l\u2019actu de Merci Mamie et restez inform\u00e9s !Pains Burgers artisanaux La nouveaut\u00e9 chez Merci Mamie : ces pains burgers artisanaux Nature et Complet !Concoct\u00e9s dans nos ateliers normands avec amour, ils sauront ravir les amateurs de burgers tr\u00e8s gourmands. Retrouvez toutes les informations produits et nos d\u00e9licieuses recettes sur le site Merci [&hellip;]<\/p>","protected":false},"author":1,"featured_media":0,"parent":0,"menu_order":0,"comment_status":"closed","ping_status":"closed","template":"","meta":{"_et_pb_use_builder":"on","_et_pb_old_content":"","_et_gb_content_width":"","_monsterinsights_skip_tracking":false,"_monsterinsights_sitenote_active":false,"_monsterinsights_sitenote_note":"","_monsterinsights_sitenote_category":0,"footnotes":""},"class_list":["post-58","page","type-page","status-publish","hentry"],"yoast_head":"<!-- This site is optimized with the Yoast SEO plugin v21.4 - https:\/\/yoast.com\/wordpress\/plugins\/seo\/ -->\n<title>Nos actualit\u00e9s - Merci Mamie<\/title>\n<meta name=\"description\" content=\"Suivez toute l\u2019actualit\u00e9 de Merci Mamie et restez inform\u00e9s !\" \/>\n<meta name=\"robots\" content=\"index, follow, max-snippet:-1, max-image-preview:large, max-video-preview:-1\" \/>\n<link rel=\"canonical\" href=\"https:\/\/mercimamie.com\/en\/nos-actualites\/\" \/>\n<meta property=\"og:locale\" content=\"en_US\" \/>\n<meta property=\"og:type\" content=\"article\" \/>\n<meta property=\"og:title\" content=\"Nos actualit\u00e9s - Merci Mamie\" \/>\n<meta property=\"og:description\" content=\"Suivez toute l\u2019actualit\u00e9 de Merci Mamie et restez inform\u00e9s !\" \/>\n<meta property=\"og:url\" content=\"https:\/\/mercimamie.com\/en\/nos-actualites\/\" \/>\n<meta property=\"og:site_name\" content=\"Merci Mamie\" \/>\n<meta property=\"article:publisher\" content=\"https:\/\/www.facebook.com\/mamie.normandie.1897\" \/>\n<meta property=\"article:modified_time\" content=\"2023-01-16T10:12:35+00:00\" \/>\n<meta name=\"twitter:card\" content=\"summary_large_image\" \/>\n<meta name=\"twitter:label1\" content=\"Est. reading time\" \/>\n\t<meta name=\"twitter:data1\" content=\"2 minutes\" \/>\n<script type=\"application\/ld+json\" class=\"yoast-schema-graph\">{\"@context\":\"https:\/\/schema.org\",\"@graph\":[{\"@type\":\"WebPage\",\"@id\":\"https:\/\/mercimamie.com\/nos-actualites\/\",\"url\":\"https:\/\/mercimamie.com\/nos-actualites\/\",\"name\":\"Nos actualit\u00e9s - Merci Mamie\",\"isPartOf\":{\"@id\":\"https:\/\/mercimamie.com\/#website\"},\"datePublished\":\"2022-12-20T11:06:07+00:00\",\"dateModified\":\"2023-01-16T10:12:35+00:00\",\"description\":\"Suivez toute l\u2019actualit\u00e9 de Merci Mamie et restez inform\u00e9s !\",\"breadcrumb\":{\"@id\":\"https:\/\/mercimamie.com\/nos-actualites\/#breadcrumb\"},\"inLanguage\":\"en-US\",\"potentialAction\":[{\"@type\":\"ReadAction\",\"target\":[\"https:\/\/mercimamie.com\/nos-actualites\/\"]}]},{\"@type\":\"BreadcrumbList\",\"@id\":\"https:\/\/mercimamie.com\/nos-actualites\/#breadcrumb\",\"itemListElement\":[{\"@type\":\"ListItem\",\"position\":1,\"name\":\"Accueil\",\"item\":\"https:\/\/mercimamie.com\/\"},{\"@type\":\"ListItem\",\"position\":2,\"name\":\"Nos actualit\u00e9s\"}]},{\"@type\":\"WebSite\",\"@id\":\"https:\/\/mercimamie.com\/#website\",\"url\":\"https:\/\/mercimamie.com\/\",\"name\":\"Merci Mamie\",\"description\":\"Retrouvez le go\u00fbt de votre enfance\",\"publisher\":{\"@id\":\"https:\/\/mercimamie.com\/#organization\"},\"potentialAction\":[{\"@type\":\"SearchAction\",\"target\":{\"@type\":\"EntryPoint\",\"urlTemplate\":\"https:\/\/mercimamie.com\/?s={search_term_string}\"},\"query-input\":\"required name=search_term_string\"}],\"inLanguage\":\"en-US\"},{\"@type\":\"Organization\",\"@id\":\"https:\/\/mercimamie.com\/#organization\",\"name\":\"Merci Mamie\",\"url\":\"https:\/\/mercimamie.com\/\",\"logo\":{\"@type\":\"ImageObject\",\"inLanguage\":\"en-US\",\"@id\":\"https:\/\/mercimamie.com\/#\/schema\/logo\/image\/\",\"url\":\"https:\/\/mercimamie.com\/wp-content\/uploads\/2022\/12\/MerciMamie_Logo-2.png\",\"contentUrl\":\"https:\/\/mercimamie.com\/wp-content\/uploads\/2022\/12\/MerciMamie_Logo-2.png\",\"width\":1202,\"height\":742,\"caption\":\"Merci Mamie\"},\"image\":{\"@id\":\"https:\/\/mercimamie.com\/#\/schema\/logo\/image\/\"},\"sameAs\":[\"https:\/\/www.facebook.com\/mamie.normandie.1897\",\"https:\/\/www.instagram.com\/mercimamie_fr\/\"]}]}<\/script>\n<!-- \/ Yoast SEO plugin. -->","yoast_head_json":{"title":"Nos actualit\u00e9s - Merci Mamie","description":"Suivez toute l\u2019actualit\u00e9 de Merci Mamie et restez inform\u00e9s !","robots":{"index":"index","follow":"follow","max-snippet":"max-snippet:-1","max-image-preview":"max-image-preview:large","max-video-preview":"max-video-preview:-1"},"canonical":"https:\/\/mercimamie.com\/en\/nos-actualites\/","og_locale":"en_US","og_type":"article","og_title":"Nos actualit\u00e9s - Merci Mamie","og_description":"Suivez toute l\u2019actualit\u00e9 de Merci Mamie et restez inform\u00e9s !","og_url":"https:\/\/mercimamie.com\/en\/nos-actualites\/","og_site_name":"Merci Mamie","article_publisher":"https:\/\/www.facebook.com\/mamie.normandie.1897","article_modified_time":"2023-01-16T10:12:35+00:00","twitter_card":"summary_large_image","twitter_misc":{"Est. reading time":"2 minutes"},"schema":{"@context":"https:\/\/schema.org","@graph":[{"@type":"WebPage","@id":"https:\/\/mercimamie.com\/nos-actualites\/","url":"https:\/\/mercimamie.com\/nos-actualites\/","name":"Nos actualit\u00e9s - Merci Mamie","isPartOf":{"@id":"https:\/\/mercimamie.com\/#website"},"datePublished":"2022-12-20T11:06:07+00:00","dateModified":"2023-01-16T10:12:35+00:00","description":"Suivez toute l\u2019actualit\u00e9 de Merci Mamie et restez inform\u00e9s !","breadcrumb":{"@id":"https:\/\/mercimamie.com\/nos-actualites\/#breadcrumb"},"inLanguage":"en-US","potentialAction":[{"@type":"ReadAction","target":["https:\/\/mercimamie.com\/nos-actualites\/"]}]},{"@type":"BreadcrumbList","@id":"https:\/\/mercimamie.com\/nos-actualites\/#breadcrumb","itemListElement":[{"@type":"ListItem","position":1,"name":"Accueil","item":"https:\/\/mercimamie.com\/"},{"@type":"ListItem","position":2,"name":"Nos actualit\u00e9s"}]},{"@type":"WebSite","@id":"https:\/\/mercimamie.com\/#website","url":"https:\/\/mercimamie.com\/","name":"Merci Mamie","description":"Retrouvez le go\u00fbt de votre enfance","publisher":{"@id":"https:\/\/mercimamie.com\/#organization"},"potentialAction":[{"@type":"SearchAction","target":{"@type":"EntryPoint","urlTemplate":"https:\/\/mercimamie.com\/?s={search_term_string}"},"query-input":"required name=search_term_string"}],"inLanguage":"en-US"},{"@type":"Organization","@id":"https:\/\/mercimamie.com\/#organization","name":"Merci Mamie","url":"https:\/\/mercimamie.com\/","logo":{"@type":"ImageObject","inLanguage":"en-US","@id":"https:\/\/mercimamie.com\/#\/schema\/logo\/image\/","url":"https:\/\/mercimamie.com\/wp-content\/uploads\/2022\/12\/MerciMamie_Logo-2.png","contentUrl":"https:\/\/mercimamie.com\/wp-content\/uploads\/2022\/12\/MerciMamie_Logo-2.png","width":1202,"height":742,"caption":"Merci Mamie"},"image":{"@id":"https:\/\/mercimamie.com\/#\/schema\/logo\/image\/"},"sameAs":["https:\/\/www.facebook.com\/mamie.normandie.1897","https:\/\/www.instagram.com\/mercimamie_fr\/"]}]}},"_links":{"self":[{"href":"https:\/\/mercimamie.com\/en\/wp-json\/wp\/v2\/pages\/58","targetHints":{"allow":["GET"]}}],"collection":[{"href":"https:\/\/mercimamie.com\/en\/wp-json\/wp\/v2\/pages"}],"about":[{"href":"https:\/\/mercimamie.com\/en\/wp-json\/wp\/v2\/types\/page"}],"author":[{"embeddable":true,"href":"https:\/\/mercimamie.com\/en\/wp-json\/wp\/v2\/users\/1"}],"replies":[{"embeddable":true,"href":"https:\/\/mercimamie.com\/en\/wp-json\/wp\/v2\/comments?post=58"}],"version-history":[{"count":8,"href":"https:\/\/mercimamie.com\/en\/wp-json\/wp\/v2\/pages\/58\/revisions"}],"predecessor-version":[{"id":790,"href":"https:\/\/mercimamie.com\/en\/wp-json\/wp\/v2\/pages\/58\/revisions\/790"}],"wp:attachment":[{"href":"https:\/\/mercimamie.com\/en\/wp-json\/wp\/v2\/media?parent=58"}],"curies":[{"name":"wp","href":"https:\/\/api.w.org\/{rel}","templated":true}]}}