{"id":56,"date":"2022-12-20T12:05:39","date_gmt":"2022-12-20T11:05:39","guid":{"rendered":"https:\/\/mercimamie.com\/?page_id=56"},"modified":"2023-01-16T11:19:30","modified_gmt":"2023-01-16T10:19:30","slug":"nos-recettes","status":"publish","type":"page","link":"https:\/\/mercimamie.com\/en\/nos-recettes\/","title":{"rendered":"Our recipes"},"content":{"rendered":"[et_pb_section fb_built=\u00a0\u00bb1&Prime; _builder_version=\u00a0\u00bb4.19.4&Prime; _module_preset=\u00a0\u00bbdefault\u00a0\u00bb background_image=\u00a0\u00bbhttps:\/\/mercimamie.com\/wp-content\/uploads\/2022\/12\/LesRecettesDeMamie.jpg\u00a0\u00bb parallax=\u00a0\u00bbon\u00a0\u00bb height=\u00a0\u00bb500px\u00a0\u00bb height_tablet=\u00a0\u00bb500px\u00a0\u00bb height_phone=\u00a0\u00bb260px\u00a0\u00bb height_last_edited=\u00a0\u00bbon|phone\u00a0\u00bb background_last_edited=\u00a0\u00bbon|phone\u00a0\u00bb parallax_phone=\u00a0\u00bboff\u00a0\u00bb global_colors_info=\u00a0\u00bb{}\u00a0\u00bb][et_pb_row _builder_version=\u00a0\u00bb4.19.4&Prime; _module_preset=\u00a0\u00bbdefault\u00a0\u00bb custom_margin=\u00a0\u00bb18px||||false|false\u00a0\u00bb global_colors_info=\u00a0\u00bb{}\u00a0\u00bb][et_pb_column type=\u00a0\u00bb4_4&Prime; _builder_version=\u00a0\u00bb4.19.4&Prime; _module_preset=\u00a0\u00bbdefault\u00a0\u00bb global_colors_info=\u00a0\u00bb{}\u00a0\u00bb][et_pb_image src=\u00a0\u00bbhttps:\/\/mercimamie.com\/wp-content\/uploads\/2022\/12\/LesRecettesDeMamie_Logo.png\u00a0\u00bb title_text=\u00a0\u00bbLesRecettesDeMamie_Logo\u00a0\u00bb align=\u00a0\u00bbcenter\u00a0\u00bb _builder_version=\u00a0\u00bb4.19.4&Prime; _module_preset=\u00a0\u00bbdefault\u00a0\u00bb max_width=\u00a0\u00bb35%\u00a0\u00bb max_width_tablet=\u00a0\u00bb30%\u00a0\u00bb max_width_phone=\u00a0\u00bb60%\u00a0\u00bb max_width_last_edited=\u00a0\u00bbon|phone\u00a0\u00bb custom_margin=\u00a0\u00bb50px||||false|false\u00a0\u00bb custom_margin_tablet=\u00a0\u00bb80px||||false|false\u00a0\u00bb custom_margin_phone=\u00a0\u00bb-13px||||false|false\u00a0\u00bb custom_margin_last_edited=\u00a0\u00bbon|phone\u00a0\u00bb custom_padding=\u00a0\u00bb0px||||false|false\u00a0\u00bb global_colors_info=\u00a0\u00bb{}\u00a0\u00bb][\/et_pb_image][\/et_pb_column][\/et_pb_row][\/et_pb_section][et_pb_section fb_built=\u00a0\u00bb1&Prime; _builder_version=\u00a0\u00bb4.19.4&Prime; _module_preset=\u00a0\u00bbdefault\u00a0\u00bb background_color=\u00a0\u00bb#2f45b5&Prime; height=\u00a0\u00bb8px\u00a0\u00bb height_tablet=\u00a0\u00bb8px\u00a0\u00bb height_phone=\u00a0\u00bb6px\u00a0\u00bb height_last_edited=\u00a0\u00bbon|phone\u00a0\u00bb custom_padding=\u00a0\u00bb0px||0px||false|false\u00a0\u00bb global_colors_info=\u00a0\u00bb{}\u00a0\u00bb][\/et_pb_section][et_pb_section fb_built=\u00a0\u00bb1&Prime; _builder_version=\u00a0\u00bb4.19.4&Prime; _module_preset=\u00a0\u00bbdefault\u00a0\u00bb background_color=\u00a0\u00bb#FFFFFF\u00a0\u00bb height=\u00a0\u00bb8px\u00a0\u00bb height_tablet=\u00a0\u00bb8px\u00a0\u00bb height_phone=\u00a0\u00bb6px\u00a0\u00bb height_last_edited=\u00a0\u00bbon|phone\u00a0\u00bb custom_padding=\u00a0\u00bb0px||0px||false|false\u00a0\u00bb global_colors_info=\u00a0\u00bb{}\u00a0\u00bb][\/et_pb_section][et_pb_section fb_built=\u00a0\u00bb1&Prime; _builder_version=\u00a0\u00bb4.19.4&Prime; _module_preset=\u00a0\u00bbdefault\u00a0\u00bb background_color=\u00a0\u00bb#d33737&Prime; height=\u00a0\u00bb8px\u00a0\u00bb height_tablet=\u00a0\u00bb8px\u00a0\u00bb height_phone=\u00a0\u00bb6px\u00a0\u00bb height_last_edited=\u00a0\u00bbon|phone\u00a0\u00bb custom_padding=\u00a0\u00bb0px||0px||false|false\u00a0\u00bb global_colors_info=\u00a0\u00bb{}\u00a0\u00bb][\/et_pb_section][et_pb_section fb_built=\u00a0\u00bb1&Prime; custom_padding_last_edited=\u00a0\u00bbon|phone\u00a0\u00bb _builder_version=\u00a0\u00bb4.19.4&Prime; _module_preset=\u00a0\u00bbdefault\u00a0\u00bb custom_padding=\u00a0\u00bb20px||20px||false|false\u00a0\u00bb custom_padding_tablet=\u00a0\u00bb20px||20px||false|false\u00a0\u00bb custom_padding_phone=\u00a0\u00bb15px||0px||false|false\u00a0\u00bb global_colors_info=\u00a0\u00bb{}\u00a0\u00bb][et_pb_row _builder_version=\u00a0\u00bb4.19.4&Prime; _module_preset=\u00a0\u00bbdefault\u00a0\u00bb global_colors_info=\u00a0\u00bb{}\u00a0\u00bb][et_pb_column type=\u00a0\u00bb4_4&Prime; _builder_version=\u00a0\u00bb4.19.4&Prime; _module_preset=\u00a0\u00bbdefault\u00a0\u00bb global_colors_info=\u00a0\u00bb{}\u00a0\u00bb][et_pb_text content_tablet=\u00a0\u00bb<h3>Pour d\u00e9guster vos produits autrement, voici les d\u00e9liciceuses recettes de Mamie.<\/h3>\n<h3>Elles sont faciles et rapides \u00e0 pr\u00e9parer.<\/h3>\u00a0\u00bb content_phone=\u00a0\u00bb<h3>Pour d\u00e9guster vos produits autrement, voici les d\u00e9liciceuses recettes de Mamie. <br \/>Elles sont faciles et rapides \u00e0 pr\u00e9parer.<\/h3>\u00a0\u00bb content_last_edited=\u00a0\u00bbon|phone\u00a0\u00bb _builder_version=\u00a0\u00bb4.19.4&Prime; _module_preset=\u00a0\u00bbdefault\u00a0\u00bb header_3_font=\u00a0\u00bbPlayfair Display||on||||||\u00a0\u00bb header_3_text_align=\u00a0\u00bbcenter\u00a0\u00bb header_3_text_color=\u00a0\u00bb#0C71C3&Prime; global_colors_info=\u00a0\u00bb{}\u00a0\u00bb]<h3>To enjoy your products in a different way, here are Mamie's delicious recipes.<\/h3>\n<h3>They are quick and easy to prepare!<\/h3>[\/et_pb_text][\/et_pb_column][\/et_pb_row][\/et_pb_section][et_pb_section fb_built=\u00a0\u00bb1&Prime; _builder_version=\u00a0\u00bb4.19.4&Prime; _module_preset=\u00a0\u00bbdefault\u00a0\u00bb custom_padding=\u00a0\u00bb0px||||false|false\u00a0\u00bb global_colors_info=\u00a0\u00bb{}\u00a0\u00bb][et_pb_row column_structure=\u00a0\u00bb1_3,1_3,1_3&Prime; _builder_version=\u00a0\u00bb4.19.4&Prime; _module_preset=\u00a0\u00bbdefault\u00a0\u00bb custom_padding=\u00a0\u00bb0px||||false|false\u00a0\u00bb global_colors_info=\u00a0\u00bb{}\u00a0\u00bb][et_pb_column type=\u00a0\u00bb1_3&Prime; _builder_version=\u00a0\u00bb4.19.4&Prime; _module_preset=\u00a0\u00bbdefault\u00a0\u00bb global_colors_info=\u00a0\u00bb{}\u00a0\u00bb][et_pb_image src=\u00a0\u00bbhttps:\/\/mercimamie.com\/wp-content\/uploads\/2023\/01\/MerciMamie_recette_saumon_avocat.jpg\u00a0\u00bb title_text=\u00a0\u00bbSAUMON_BANDEAU\u00a0\u00bb url=\u00a0\u00bbhttps:\/\/mercimamie.com\/project\/tartine-saumon-avocat\/\u00a0\u00bb _builder_version=\u00a0\u00bb4.19.4&Prime; _module_preset=\u00a0\u00bbdefault\u00a0\u00bb hover_enabled=\u00a0\u00bb0&Prime; border_radii=\u00a0\u00bbon|12px|12px|12px|12px\u00a0\u00bb global_colors_info=\u00a0\u00bb{}\u00a0\u00bb src__hover_enabled=\u00a0\u00bbon|hover\u00a0\u00bb src__hover=\u00a0\u00bbhttps:\/\/mercimamie.com\/wp-content\/uploads\/2023\/01\/SAUMON_BANDEAU.jpg\u00a0\u00bb sticky_enabled=\u00a0\u00bb0&Prime;][\/et_pb_image][et_pb_cta title=\u00a0\u00bbTartine Saumon &#038; Avocat\u00a0\u00bb button_url=\u00a0\u00bbhttps:\/\/mercimamie.com\/project\/tartine-saumon-avocat\/\u00a0\u00bb button_text=\u00a0\u00bbVoir\u00a0\u00bb _builder_version=\u00a0\u00bb4.19.4&Prime; _module_preset=\u00a0\u00bbdefault\u00a0\u00bb header_font_size=\u00a0\u00bb20px\u00a0\u00bb background_color=\u00a0\u00bbRGBA(255,255,255,0)\u00a0\u00bb custom_button=\u00a0\u00bbon\u00a0\u00bb button_text_size=\u00a0\u00bb14px\u00a0\u00bb button_text_color=\u00a0\u00bb#FFFFFF\u00a0\u00bb button_bg_color=\u00a0\u00bb#2F7ECE\u00a0\u00bb button_border_width=\u00a0\u00bb0px\u00a0\u00bb button_border_radius=\u00a0\u00bb100px\u00a0\u00bb button_font=\u00a0\u00bbQuicksand||||||||\u00a0\u00bb button_icon=\u00a0\u00bb&#xf2e7;||fa||900&Prime; button_custom_margin=\u00a0\u00bb||||false|false\u00a0\u00bb background_layout=\u00a0\u00bblight\u00a0\u00bb custom_padding=\u00a0\u00bb0px||0px||false|false\u00a0\u00bb global_colors_info=\u00a0\u00bb{}\u00a0\u00bb][\/et_pb_cta][\/et_pb_column][et_pb_column type=\u00a0\u00bb1_3&Prime; _builder_version=\u00a0\u00bb4.19.4&Prime; _module_preset=\u00a0\u00bbdefault\u00a0\u00bb global_colors_info=\u00a0\u00bb{}\u00a0\u00bb][et_pb_image src=\u00a0\u00bbhttps:\/\/mercimamie.com\/wp-content\/uploads\/2023\/01\/MerciMamie_recette_jambon_chevre.jpg\u00a0\u00bb title_text=\u00a0\u00bbJAMBON_CHEVRE_BANDEAU\u00a0\u00bb url=\u00a0\u00bbhttp:\/\/mercimamie.com\/project\/tartine-jambon-chevre\/\u00a0\u00bb _builder_version=\u00a0\u00bb4.19.4&Prime; _module_preset=\u00a0\u00bbdefault\u00a0\u00bb border_radii=\u00a0\u00bbon|12px|12px|12px|12px\u00a0\u00bb global_colors_info=\u00a0\u00bb{}\u00a0\u00bb src__hover_enabled=\u00a0\u00bbon|hover\u00a0\u00bb src__hover=\u00a0\u00bbhttps:\/\/mercimamie.com\/wp-content\/uploads\/2023\/01\/JAMBON_CHEVRE_BANDEAU.jpg\u00a0\u00bb][\/et_pb_image][et_pb_cta title=\u00a0\u00bbTartine Jambon &#038; Ch\u00e8vre\u00a0\u00bb button_url=\u00a0\u00bbhttp:\/\/mercimamie.com\/project\/tartine-jambon-chevre\/\u00a0\u00bb button_text=\u00a0\u00bbVoir\u00a0\u00bb _builder_version=\u00a0\u00bb4.19.4&Prime; _module_preset=\u00a0\u00bbdefault\u00a0\u00bb header_font_size=\u00a0\u00bb20px\u00a0\u00bb background_color=\u00a0\u00bbRGBA(255,255,255,0)\u00a0\u00bb custom_button=\u00a0\u00bbon\u00a0\u00bb button_text_size=\u00a0\u00bb14px\u00a0\u00bb button_text_color=\u00a0\u00bb#FFFFFF\u00a0\u00bb button_bg_color=\u00a0\u00bb#2F7ECE\u00a0\u00bb button_border_width=\u00a0\u00bb0px\u00a0\u00bb button_border_radius=\u00a0\u00bb100px\u00a0\u00bb button_custom_padding=\u00a0\u00bb2px|18px||17px|false|false\u00a0\u00bb background_layout=\u00a0\u00bblight\u00a0\u00bb custom_padding=\u00a0\u00bb0px||0px||false|false\u00a0\u00bb locked=\u00a0\u00bboff\u00a0\u00bb global_colors_info=\u00a0\u00bb{}\u00a0\u00bb][\/et_pb_cta][\/et_pb_column][et_pb_column type=\u00a0\u00bb1_3&Prime; _builder_version=\u00a0\u00bb4.19.4&Prime; _module_preset=\u00a0\u00bbdefault\u00a0\u00bb global_colors_info=\u00a0\u00bb{}\u00a0\u00bb][et_pb_image src=\u00a0\u00bbhttps:\/\/mercimamie.com\/wp-content\/uploads\/2023\/01\/MerciMamie_recette_brioche_perdue_2.jpg\u00a0\u00bb title_text=\u00a0\u00bbBRIOCHE PERDUE BANDEAU\u00a0\u00bb url=\u00a0\u00bbhttp:\/\/mercimamie.com\/project\/brioche-perdue\/\u00a0\u00bb _builder_version=\u00a0\u00bb4.19.4&Prime; _module_preset=\u00a0\u00bbdefault\u00a0\u00bb border_radii=\u00a0\u00bbon|12px|12px|12px|12px\u00a0\u00bb global_colors_info=\u00a0\u00bb{}\u00a0\u00bb src__hover_enabled=\u00a0\u00bbon|hover\u00a0\u00bb src__hover=\u00a0\u00bbhttps:\/\/mercimamie.com\/wp-content\/uploads\/2023\/01\/FORMAT-PHOTO-RECETTE-SITE.jpg\u00a0\u00bb][\/et_pb_image][et_pb_cta title=\u00a0\u00bbBrioche perdue\u00a0\u00bb button_url=\u00a0\u00bbhttp:\/\/mercimamie.com\/project\/brioche-perdue\/\u00a0\u00bb button_text=\u00a0\u00bbVoir\u00a0\u00bb _builder_version=\u00a0\u00bb4.19.4&Prime; _module_preset=\u00a0\u00bbdefault\u00a0\u00bb header_font_size=\u00a0\u00bb20px\u00a0\u00bb background_color=\u00a0\u00bbRGBA(255,255,255,0)\u00a0\u00bb custom_button=\u00a0\u00bbon\u00a0\u00bb button_text_size=\u00a0\u00bb14px\u00a0\u00bb button_text_color=\u00a0\u00bb#FFFFFF\u00a0\u00bb button_bg_color=\u00a0\u00bb#2F7ECE\u00a0\u00bb button_border_width=\u00a0\u00bb0px\u00a0\u00bb button_border_radius=\u00a0\u00bb100px\u00a0\u00bb button_custom_padding=\u00a0\u00bb2px|18px||17px|false|false\u00a0\u00bb background_layout=\u00a0\u00bblight\u00a0\u00bb custom_padding=\u00a0\u00bb0px||0px||false|false\u00a0\u00bb locked=\u00a0\u00bboff\u00a0\u00bb global_colors_info=\u00a0\u00bb{}\u00a0\u00bb][\/et_pb_cta][\/et_pb_column][\/et_pb_row][et_pb_row column_structure=\u00a0\u00bb1_3,1_3,1_3&Prime; _builder_version=\u00a0\u00bb4.19.4&Prime; _module_preset=\u00a0\u00bbdefault\u00a0\u00bb locked=\u00a0\u00bboff\u00a0\u00bb global_colors_info=\u00a0\u00bb{}\u00a0\u00bb][et_pb_column type=\u00a0\u00bb1_3&Prime; _builder_version=\u00a0\u00bb4.19.4&Prime; _module_preset=\u00a0\u00bbdefault\u00a0\u00bb global_colors_info=\u00a0\u00bb{}\u00a0\u00bb][et_pb_image src=\u00a0\u00bbhttps:\/\/mercimamie.com\/wp-content\/uploads\/2023\/01\/MerciMamie_recette_tiramisu_framboise.jpg\u00a0\u00bb title_text=\u00a0\u00bbTIRAMISU_BANDEAU\u00a0\u00bb url=\u00a0\u00bbhttp:\/\/mercimamie.com\/project\/tiramisu-framboise\/\u00a0\u00bb _builder_version=\u00a0\u00bb4.19.4&Prime; _module_preset=\u00a0\u00bbdefault\u00a0\u00bb border_radii=\u00a0\u00bbon|12px|12px|12px|12px\u00a0\u00bb global_colors_info=\u00a0\u00bb{}\u00a0\u00bb src__hover_enabled=\u00a0\u00bbon|hover\u00a0\u00bb src__hover=\u00a0\u00bbhttps:\/\/mercimamie.com\/wp-content\/uploads\/2023\/01\/TIRAMISU_BANDEAU.jpg\u00a0\u00bb][\/et_pb_image][et_pb_cta title=\u00a0\u00bbTiramisu brioch\u00e9 \u00e0 la framboise\u00a0\u00bb button_url=\u00a0\u00bbhttp:\/\/mercimamie.com\/project\/tiramisu-framboise\/\u00a0\u00bb button_text=\u00a0\u00bbVoir\u00a0\u00bb _builder_version=\u00a0\u00bb4.19.4&Prime; _module_preset=\u00a0\u00bbdefault\u00a0\u00bb header_font_size=\u00a0\u00bb20px\u00a0\u00bb background_color=\u00a0\u00bbRGBA(255,255,255,0)\u00a0\u00bb custom_button=\u00a0\u00bbon\u00a0\u00bb button_text_size=\u00a0\u00bb14px\u00a0\u00bb button_text_color=\u00a0\u00bb#FFFFFF\u00a0\u00bb button_bg_color=\u00a0\u00bb#2F7ECE\u00a0\u00bb button_border_width=\u00a0\u00bb0px\u00a0\u00bb button_border_radius=\u00a0\u00bb100px\u00a0\u00bb button_custom_padding=\u00a0\u00bb2px|18px||17px|false|false\u00a0\u00bb background_layout=\u00a0\u00bblight\u00a0\u00bb custom_padding=\u00a0\u00bb0px||0px||false|false\u00a0\u00bb global_colors_info=\u00a0\u00bb{}\u00a0\u00bb][\/et_pb_cta][\/et_pb_column][et_pb_column type=\u00a0\u00bb1_3&Prime; _builder_version=\u00a0\u00bb4.19.4&Prime; _module_preset=\u00a0\u00bbdefault\u00a0\u00bb global_colors_info=\u00a0\u00bb{}\u00a0\u00bb][et_pb_image src=\u00a0\u00bbhttps:\/\/mercimamie.com\/wp-content\/uploads\/2023\/01\/MerciMamie_recette_brioche_salee.jpg\u00a0\u00bb title_text=\u00a0\u00bbBRIOCHE_SALEE_BANDEAU\u00a0\u00bb url=\u00a0\u00bbhttps:\/\/mercimamie.com\/project\/brioche-salee\/\u00a0\u00bb _builder_version=\u00a0\u00bb4.19.4&Prime; _module_preset=\u00a0\u00bbdefault\u00a0\u00bb border_radii=\u00a0\u00bbon|12px|12px|12px|12px\u00a0\u00bb global_colors_info=\u00a0\u00bb{}\u00a0\u00bb src__hover_enabled=\u00a0\u00bbon|hover\u00a0\u00bb src__hover=\u00a0\u00bbhttps:\/\/mercimamie.com\/wp-content\/uploads\/2023\/01\/BRIOCHE_SALEE_BANDEAU.jpg\u00a0\u00bb][\/et_pb_image][et_pb_cta title=\u00a0\u00bbBrioche sal\u00e9e\u00a0\u00bb button_url=\u00a0\u00bbhttps:\/\/mercimamie.com\/project\/brioche-salee\/\u00a0\u00bb button_text=\u00a0\u00bbVoir\u00a0\u00bb _builder_version=\u00a0\u00bb4.19.4&Prime; _module_preset=\u00a0\u00bbdefault\u00a0\u00bb header_font_size=\u00a0\u00bb20px\u00a0\u00bb background_color=\u00a0\u00bbRGBA(255,255,255,0)\u00a0\u00bb custom_button=\u00a0\u00bbon\u00a0\u00bb button_text_size=\u00a0\u00bb14px\u00a0\u00bb button_text_color=\u00a0\u00bb#FFFFFF\u00a0\u00bb button_bg_color=\u00a0\u00bb#2F7ECE\u00a0\u00bb button_border_width=\u00a0\u00bb0px\u00a0\u00bb button_border_radius=\u00a0\u00bb100px\u00a0\u00bb button_custom_padding=\u00a0\u00bb2px|18px||17px|false|false\u00a0\u00bb background_layout=\u00a0\u00bblight\u00a0\u00bb custom_padding=\u00a0\u00bb0px||0px||false|false\u00a0\u00bb locked=\u00a0\u00bboff\u00a0\u00bb global_colors_info=\u00a0\u00bb{}\u00a0\u00bb][\/et_pb_cta][\/et_pb_column][et_pb_column type=\u00a0\u00bb1_3&Prime; _builder_version=\u00a0\u00bb4.19.4&Prime; _module_preset=\u00a0\u00bbdefault\u00a0\u00bb global_colors_info=\u00a0\u00bb{}\u00a0\u00bb][et_pb_image src=\u00a0\u00bbhttps:\/\/mercimamie.com\/wp-content\/uploads\/2023\/01\/MerciMamie_recette_croque_brioche.jpg\u00a0\u00bb title_text=\u00a0\u00bbCROQUE_BRIOCHE_BANDEAU\u00a0\u00bb url=\u00a0\u00bbhttps:\/\/mercimamie.com\/project\/croque-brioche\/\u00a0\u00bb _builder_version=\u00a0\u00bb4.19.4&Prime; _module_preset=\u00a0\u00bbdefault\u00a0\u00bb border_radii=\u00a0\u00bbon|12px|12px|12px|12px\u00a0\u00bb global_colors_info=\u00a0\u00bb{}\u00a0\u00bb src__hover_enabled=\u00a0\u00bbon|hover\u00a0\u00bb src__hover=\u00a0\u00bbhttps:\/\/mercimamie.com\/wp-content\/uploads\/2023\/01\/CROQUE_BRIOCHE_BANDEAU.jpg\u00a0\u00bb][\/et_pb_image][et_pb_cta title=\u00a0\u00bbCroque monsieur brioch\u00e9\u00a0\u00bb button_url=\u00a0\u00bbhttps:\/\/mercimamie.com\/project\/croque-brioche\/\u00a0\u00bb button_text=\u00a0\u00bbVoir\u00a0\u00bb _builder_version=\u00a0\u00bb4.19.4&Prime; _module_preset=\u00a0\u00bbdefault\u00a0\u00bb header_font_size=\u00a0\u00bb20px\u00a0\u00bb background_color=\u00a0\u00bbRGBA(255,255,255,0)\u00a0\u00bb custom_button=\u00a0\u00bbon\u00a0\u00bb button_text_size=\u00a0\u00bb14px\u00a0\u00bb button_text_color=\u00a0\u00bb#FFFFFF\u00a0\u00bb button_bg_color=\u00a0\u00bb#2F7ECE\u00a0\u00bb button_border_width=\u00a0\u00bb0px\u00a0\u00bb button_border_radius=\u00a0\u00bb100px\u00a0\u00bb button_custom_padding=\u00a0\u00bb2px|18px||17px|false|false\u00a0\u00bb background_layout=\u00a0\u00bblight\u00a0\u00bb custom_padding=\u00a0\u00bb0px||0px||false|false\u00a0\u00bb locked=\u00a0\u00bboff\u00a0\u00bb global_colors_info=\u00a0\u00bb{}\u00a0\u00bb][\/et_pb_cta][\/et_pb_column][\/et_pb_row][\/et_pb_section][et_pb_section fb_built=\u00a0\u00bb1&Prime; _builder_version=\u00a0\u00bb4.19.4&Prime; _module_preset=\u00a0\u00bbdefault\u00a0\u00bb background_color=\u00a0\u00bb#F3F4F6&Prime; custom_padding=\u00a0\u00bb10px||10px||false|false\u00a0\u00bb locked=\u00a0\u00bboff\u00a0\u00bb global_colors_info=\u00a0\u00bb{}\u00a0\u00bb][et_pb_row _builder_version=\u00a0\u00bb4.19.4&Prime; _module_preset=\u00a0\u00bbdefault\u00a0\u00bb global_colors_info=\u00a0\u00bb{}\u00a0\u00bb][et_pb_column type=\u00a0\u00bb4_4&Prime; _builder_version=\u00a0\u00bb4.19.4&Prime; _module_preset=\u00a0\u00bbdefault\u00a0\u00bb global_colors_info=\u00a0\u00bb{}\u00a0\u00bb][et_pb_text _builder_version=\u00a0\u00bb4.19.4&Prime; _module_preset=\u00a0\u00bbdefault\u00a0\u00bb text_orientation=\u00a0\u00bbcenter\u00a0\u00bb global_colors_info=\u00a0\u00bb{}\u00a0\u00bb]<p><span>For your health, practice regular physical activity. <\/span><a href=\"http:\/\/www.mangerbouger.fr\/\" target=\"_blank\" class=\"c-link__txt\" title=\"Lien vers le site : www.mangerbouger.fr (Nouvelle Fen\u00eatre)\" rel=\"noopener\">www.mangerbouger.fr<\/a><\/p>[\/et_pb_text][\/et_pb_column][\/et_pb_row][\/et_pb_section]","protected":false},"excerpt":{"rendered":"<p>Pour d\u00e9guster vos produits autrement, voici les d\u00e9licieuses recettes de mamie. Elles sont faciles et rapides \u00e0 pr\u00e9parer !Pour votre sant\u00e9, pratiquez une activit\u00e9 physique r\u00e9guli\u00e8re. www.mangerbouger.fr<\/p>","protected":false},"author":1,"featured_media":0,"parent":0,"menu_order":0,"comment_status":"closed","ping_status":"closed","template":"","meta":{"_et_pb_use_builder":"on","_et_pb_old_content":"","_et_gb_content_width":"","_monsterinsights_skip_tracking":false,"_monsterinsights_sitenote_active":false,"_monsterinsights_sitenote_note":"","_monsterinsights_sitenote_category":0,"footnotes":""},"class_list":["post-56","page","type-page","status-publish","hentry"],"yoast_head":"<!-- This site is optimized with the Yoast SEO plugin v21.4 - https:\/\/yoast.com\/wordpress\/plugins\/seo\/ -->\n<title>Nos recettes - Merci Mamie<\/title>\n<meta name=\"description\" content=\"Pour d\u00e9guster vos produits autrement, voici les d\u00e9licieuses recettes de mamie. Elles sont faciles et rapides \u00e0 pr\u00e9parer !\" \/>\n<meta name=\"robots\" content=\"index, follow, max-snippet:-1, max-image-preview:large, max-video-preview:-1\" \/>\n<link rel=\"canonical\" href=\"https:\/\/mercimamie.com\/en\/nos-recettes\/\" \/>\n<meta property=\"og:locale\" content=\"en_US\" \/>\n<meta property=\"og:type\" content=\"article\" \/>\n<meta property=\"og:title\" content=\"Nos recettes - Merci Mamie\" \/>\n<meta property=\"og:description\" content=\"Pour d\u00e9guster vos produits autrement, voici les d\u00e9licieuses recettes de mamie. Elles sont faciles et rapides \u00e0 pr\u00e9parer !\" \/>\n<meta property=\"og:url\" content=\"https:\/\/mercimamie.com\/en\/nos-recettes\/\" \/>\n<meta property=\"og:site_name\" content=\"Merci Mamie\" \/>\n<meta property=\"article:publisher\" content=\"https:\/\/www.facebook.com\/mamie.normandie.1897\" \/>\n<meta property=\"article:modified_time\" content=\"2023-01-16T10:19:30+00:00\" \/>\n<meta name=\"twitter:card\" content=\"summary_large_image\" \/>\n<meta name=\"twitter:label1\" content=\"Est. reading time\" \/>\n\t<meta name=\"twitter:data1\" content=\"3 minutes\" \/>\n<script type=\"application\/ld+json\" class=\"yoast-schema-graph\">{\"@context\":\"https:\/\/schema.org\",\"@graph\":[{\"@type\":\"WebPage\",\"@id\":\"https:\/\/mercimamie.com\/nos-recettes\/\",\"url\":\"https:\/\/mercimamie.com\/nos-recettes\/\",\"name\":\"Nos recettes - Merci Mamie\",\"isPartOf\":{\"@id\":\"https:\/\/mercimamie.com\/#website\"},\"datePublished\":\"2022-12-20T11:05:39+00:00\",\"dateModified\":\"2023-01-16T10:19:30+00:00\",\"description\":\"Pour d\u00e9guster vos produits autrement, voici les d\u00e9licieuses recettes de mamie. Elles sont faciles et rapides \u00e0 pr\u00e9parer !\",\"breadcrumb\":{\"@id\":\"https:\/\/mercimamie.com\/nos-recettes\/#breadcrumb\"},\"inLanguage\":\"en-US\",\"potentialAction\":[{\"@type\":\"ReadAction\",\"target\":[\"https:\/\/mercimamie.com\/nos-recettes\/\"]}]},{\"@type\":\"BreadcrumbList\",\"@id\":\"https:\/\/mercimamie.com\/nos-recettes\/#breadcrumb\",\"itemListElement\":[{\"@type\":\"ListItem\",\"position\":1,\"name\":\"Accueil\",\"item\":\"https:\/\/mercimamie.com\/\"},{\"@type\":\"ListItem\",\"position\":2,\"name\":\"Nos recettes\"}]},{\"@type\":\"WebSite\",\"@id\":\"https:\/\/mercimamie.com\/#website\",\"url\":\"https:\/\/mercimamie.com\/\",\"name\":\"Merci Mamie\",\"description\":\"Retrouvez le go\u00fbt de votre enfance\",\"publisher\":{\"@id\":\"https:\/\/mercimamie.com\/#organization\"},\"potentialAction\":[{\"@type\":\"SearchAction\",\"target\":{\"@type\":\"EntryPoint\",\"urlTemplate\":\"https:\/\/mercimamie.com\/?s={search_term_string}\"},\"query-input\":\"required name=search_term_string\"}],\"inLanguage\":\"en-US\"},{\"@type\":\"Organization\",\"@id\":\"https:\/\/mercimamie.com\/#organization\",\"name\":\"Merci Mamie\",\"url\":\"https:\/\/mercimamie.com\/\",\"logo\":{\"@type\":\"ImageObject\",\"inLanguage\":\"en-US\",\"@id\":\"https:\/\/mercimamie.com\/#\/schema\/logo\/image\/\",\"url\":\"https:\/\/mercimamie.com\/wp-content\/uploads\/2022\/12\/MerciMamie_Logo-2.png\",\"contentUrl\":\"https:\/\/mercimamie.com\/wp-content\/uploads\/2022\/12\/MerciMamie_Logo-2.png\",\"width\":1202,\"height\":742,\"caption\":\"Merci Mamie\"},\"image\":{\"@id\":\"https:\/\/mercimamie.com\/#\/schema\/logo\/image\/\"},\"sameAs\":[\"https:\/\/www.facebook.com\/mamie.normandie.1897\",\"https:\/\/www.instagram.com\/mercimamie_fr\/\"]}]}<\/script>\n<!-- \/ Yoast SEO plugin. -->","yoast_head_json":{"title":"Nos recettes - Merci Mamie","description":"Pour d\u00e9guster vos produits autrement, voici les d\u00e9licieuses recettes de mamie. Elles sont faciles et rapides \u00e0 pr\u00e9parer !","robots":{"index":"index","follow":"follow","max-snippet":"max-snippet:-1","max-image-preview":"max-image-preview:large","max-video-preview":"max-video-preview:-1"},"canonical":"https:\/\/mercimamie.com\/en\/nos-recettes\/","og_locale":"en_US","og_type":"article","og_title":"Nos recettes - Merci Mamie","og_description":"Pour d\u00e9guster vos produits autrement, voici les d\u00e9licieuses recettes de mamie. Elles sont faciles et rapides \u00e0 pr\u00e9parer !","og_url":"https:\/\/mercimamie.com\/en\/nos-recettes\/","og_site_name":"Merci Mamie","article_publisher":"https:\/\/www.facebook.com\/mamie.normandie.1897","article_modified_time":"2023-01-16T10:19:30+00:00","twitter_card":"summary_large_image","twitter_misc":{"Est. reading time":"3 minutes"},"schema":{"@context":"https:\/\/schema.org","@graph":[{"@type":"WebPage","@id":"https:\/\/mercimamie.com\/nos-recettes\/","url":"https:\/\/mercimamie.com\/nos-recettes\/","name":"Nos recettes - Merci Mamie","isPartOf":{"@id":"https:\/\/mercimamie.com\/#website"},"datePublished":"2022-12-20T11:05:39+00:00","dateModified":"2023-01-16T10:19:30+00:00","description":"Pour d\u00e9guster vos produits autrement, voici les d\u00e9licieuses recettes de mamie. Elles sont faciles et rapides \u00e0 pr\u00e9parer !","breadcrumb":{"@id":"https:\/\/mercimamie.com\/nos-recettes\/#breadcrumb"},"inLanguage":"en-US","potentialAction":[{"@type":"ReadAction","target":["https:\/\/mercimamie.com\/nos-recettes\/"]}]},{"@type":"BreadcrumbList","@id":"https:\/\/mercimamie.com\/nos-recettes\/#breadcrumb","itemListElement":[{"@type":"ListItem","position":1,"name":"Accueil","item":"https:\/\/mercimamie.com\/"},{"@type":"ListItem","position":2,"name":"Nos recettes"}]},{"@type":"WebSite","@id":"https:\/\/mercimamie.com\/#website","url":"https:\/\/mercimamie.com\/","name":"Merci Mamie","description":"Retrouvez le go\u00fbt de votre enfance","publisher":{"@id":"https:\/\/mercimamie.com\/#organization"},"potentialAction":[{"@type":"SearchAction","target":{"@type":"EntryPoint","urlTemplate":"https:\/\/mercimamie.com\/?s={search_term_string}"},"query-input":"required name=search_term_string"}],"inLanguage":"en-US"},{"@type":"Organization","@id":"https:\/\/mercimamie.com\/#organization","name":"Merci Mamie","url":"https:\/\/mercimamie.com\/","logo":{"@type":"ImageObject","inLanguage":"en-US","@id":"https:\/\/mercimamie.com\/#\/schema\/logo\/image\/","url":"https:\/\/mercimamie.com\/wp-content\/uploads\/2022\/12\/MerciMamie_Logo-2.png","contentUrl":"https:\/\/mercimamie.com\/wp-content\/uploads\/2022\/12\/MerciMamie_Logo-2.png","width":1202,"height":742,"caption":"Merci Mamie"},"image":{"@id":"https:\/\/mercimamie.com\/#\/schema\/logo\/image\/"},"sameAs":["https:\/\/www.facebook.com\/mamie.normandie.1897","https:\/\/www.instagram.com\/mercimamie_fr\/"]}]}},"_links":{"self":[{"href":"https:\/\/mercimamie.com\/en\/wp-json\/wp\/v2\/pages\/56","targetHints":{"allow":["GET"]}}],"collection":[{"href":"https:\/\/mercimamie.com\/en\/wp-json\/wp\/v2\/pages"}],"about":[{"href":"https:\/\/mercimamie.com\/en\/wp-json\/wp\/v2\/types\/page"}],"author":[{"embeddable":true,"href":"https:\/\/mercimamie.com\/en\/wp-json\/wp\/v2\/users\/1"}],"replies":[{"embeddable":true,"href":"https:\/\/mercimamie.com\/en\/wp-json\/wp\/v2\/comments?post=56"}],"version-history":[{"count":52,"href":"https:\/\/mercimamie.com\/en\/wp-json\/wp\/v2\/pages\/56\/revisions"}],"predecessor-version":[{"id":792,"href":"https:\/\/mercimamie.com\/en\/wp-json\/wp\/v2\/pages\/56\/revisions\/792"}],"wp:attachment":[{"href":"https:\/\/mercimamie.com\/en\/wp-json\/wp\/v2\/media?parent=56"}],"curies":[{"name":"wp","href":"https:\/\/api.w.org\/{rel}","templated":true}]}}