{"id":51,"date":"2022-12-20T12:04:15","date_gmt":"2022-12-20T11:04:15","guid":{"rendered":"https:\/\/mercimamie.com\/?page_id=51"},"modified":"2023-01-16T11:17:48","modified_gmt":"2023-01-16T10:17:48","slug":"nos-produits","status":"publish","type":"page","link":"https:\/\/mercimamie.com\/en\/nos-produits\/","title":{"rendered":"Our products"},"content":{"rendered":"[et_pb_section fb_built=\u00a0\u00bb1&Prime; _builder_version=\u00a0\u00bb4.19.4&Prime; _module_preset=\u00a0\u00bbdefault\u00a0\u00bb background_color=\u00a0\u00bb#2F7ECE\u00a0\u00bb use_background_color_gradient=\u00a0\u00bbon\u00a0\u00bb background_color_gradient_stops=\u00a0\u00bbrgba(0,0,0,0.2) 0%|rgba(0,0,0,0.8) 98%\u00a0\u00bb background_color_gradient_overlays_image=\u00a0\u00bbon\u00a0\u00bb background_image=\u00a0\u00bbhttps:\/\/mercimamie.com\/wp-content\/uploads\/2022\/12\/MerciMamie_NosProduits.jpg\u00a0\u00bb parallax=\u00a0\u00bbon\u00a0\u00bb height=\u00a0\u00bb500px\u00a0\u00bb hover_enabled=\u00a0\u00bb0&Prime; global_colors_info=\u00a0\u00bb{}\u00a0\u00bb height_last_edited=\u00a0\u00bbon|phone\u00a0\u00bb height_phone=\u00a0\u00bb260px\u00a0\u00bb background_last_edited=\u00a0\u00bbon|phone\u00a0\u00bb parallax_phone=\u00a0\u00bboff\u00a0\u00bb sticky_enabled=\u00a0\u00bb0&Prime; height_tablet=\u00a0\u00bb500px\u00a0\u00bb][et_pb_row _builder_version=\u00a0\u00bb4.19.4&Prime; _module_preset=\u00a0\u00bbdefault\u00a0\u00bb module_alignment=\u00a0\u00bbcenter\u00a0\u00bb custom_padding=\u00a0\u00bb70px||||false|false\u00a0\u00bb hover_enabled=\u00a0\u00bb0&Prime; global_colors_info=\u00a0\u00bb{}\u00a0\u00bb custom_padding_last_edited=\u00a0\u00bbon|phone\u00a0\u00bb custom_padding_phone=\u00a0\u00bb0px||||false|false\u00a0\u00bb sticky_enabled=\u00a0\u00bb0&Prime; use_custom_gutter=\u00a0\u00bbon\u00a0\u00bb gutter_width=\u00a0\u00bb1&Prime; custom_padding_tablet=\u00a0\u00bb70px||||false|false\u00a0\u00bb][et_pb_column type=\u00a0\u00bb4_4&Prime; _builder_version=\u00a0\u00bb4.19.4&Prime; _module_preset=\u00a0\u00bbdefault\u00a0\u00bb global_colors_info=\u00a0\u00bb{}\u00a0\u00bb][et_pb_image src=\u00a0\u00bbhttps:\/\/mercimamie.com\/wp-content\/uploads\/2022\/12\/FabricationArtisanaleFrancaise.png\u00a0\u00bb title_text=\u00a0\u00bbFabricationArtisanaleFran\u00e7aise\u00a0\u00bb align=\u00a0\u00bbcenter\u00a0\u00bb _builder_version=\u00a0\u00bb4.19.4&Prime; _module_preset=\u00a0\u00bbdefault\u00a0\u00bb width=\u00a0\u00bb20%\u00a0\u00bb hover_enabled=\u00a0\u00bb0&Prime; global_colors_info=\u00a0\u00bb{}\u00a0\u00bb width_last_edited=\u00a0\u00bbon|phone\u00a0\u00bb width_phone=\u00a0\u00bb35%\u00a0\u00bb sticky_enabled=\u00a0\u00bb0&Prime; width_tablet=\u00a0\u00bb20%\u00a0\u00bb][\/et_pb_image][et_pb_text _builder_version=\u00a0\u00bb4.19.4&Prime; _module_preset=\u00a0\u00bbdefault\u00a0\u00bb text_font=\u00a0\u00bbPlayfair Display||||||||\u00a0\u00bb text_text_color=\u00a0\u00bb#FFFFFF\u00a0\u00bb header_font=\u00a0\u00bbPlayfair Display||on||||||\u00a0\u00bb header_text_color=\u00a0\u00bb#FFFFFF\u00a0\u00bb header_font_size=\u00a0\u00bb40px\u00a0\u00bb header_5_text_color=\u00a0\u00bb#FFFFFF\u00a0\u00bb header_5_font_size=\u00a0\u00bb22px\u00a0\u00bb text_orientation=\u00a0\u00bbcenter\u00a0\u00bb global_colors_info=\u00a0\u00bb{}\u00a0\u00bb header_font_size_tablet=\u00a0\u00bb40px\u00a0\u00bb header_font_size_phone=\u00a0\u00bb30px\u00a0\u00bb header_font_size_last_edited=\u00a0\u00bbon|phone\u00a0\u00bb header_text_shadow_style=\u00a0\u00bbpreset3&Prime; hover_enabled=\u00a0\u00bb0&Prime; sticky_enabled=\u00a0\u00bb0&Prime; custom_margin_last_edited=\u00a0\u00bbon|phone\u00a0\u00bb custom_margin_phone=\u00a0\u00bb10px||||false|false\u00a0\u00bb header_5_font_size_last_edited=\u00a0\u00bbon|phone\u00a0\u00bb header_5_font_size_phone=\u00a0\u00bb16px\u00a0\u00bb header_5_font_size_tablet=\u00a0\u00bb22px\u00a0\u00bb]<h1>All our products<\/h1>\n<h5>are made in a traditional way in France from good ingredients of our regions.<\/h5>[\/et_pb_text][\/et_pb_column][\/et_pb_row][\/et_pb_section][et_pb_section fb_built=\u00a0\u00bb1&Prime; _builder_version=\u00a0\u00bb4.19.4&Prime; _module_preset=\u00a0\u00bbdefault\u00a0\u00bb background_color=\u00a0\u00bb#2f45b5&Prime; height=\u00a0\u00bb8px\u00a0\u00bb custom_padding=\u00a0\u00bb0px||0px||false|false\u00a0\u00bb hover_enabled=\u00a0\u00bb0&Prime; global_colors_info=\u00a0\u00bb{}\u00a0\u00bb height_last_edited=\u00a0\u00bbon|phone\u00a0\u00bb height_phone=\u00a0\u00bb6px\u00a0\u00bb sticky_enabled=\u00a0\u00bb0&Prime; height_tablet=\u00a0\u00bb8px\u00a0\u00bb][\/et_pb_section][et_pb_section fb_built=\u00a0\u00bb1&Prime; _builder_version=\u00a0\u00bb4.19.4&Prime; _module_preset=\u00a0\u00bbdefault\u00a0\u00bb background_color=\u00a0\u00bb#FFFFFF\u00a0\u00bb height=\u00a0\u00bb8px\u00a0\u00bb custom_padding=\u00a0\u00bb0px||0px||false|false\u00a0\u00bb hover_enabled=\u00a0\u00bb0&Prime; global_colors_info=\u00a0\u00bb{}\u00a0\u00bb height_last_edited=\u00a0\u00bbon|phone\u00a0\u00bb height_phone=\u00a0\u00bb6px\u00a0\u00bb sticky_enabled=\u00a0\u00bb0&Prime; height_tablet=\u00a0\u00bb8px\u00a0\u00bb][\/et_pb_section][et_pb_section fb_built=\u00a0\u00bb1&Prime; _builder_version=\u00a0\u00bb4.19.4&Prime; _module_preset=\u00a0\u00bbdefault\u00a0\u00bb background_color=\u00a0\u00bb#d33737&Prime; height=\u00a0\u00bb8px\u00a0\u00bb custom_padding=\u00a0\u00bb0px||0px||false|false\u00a0\u00bb hover_enabled=\u00a0\u00bb0&Prime; global_colors_info=\u00a0\u00bb{}\u00a0\u00bb height_last_edited=\u00a0\u00bbon|phone\u00a0\u00bb height_phone=\u00a0\u00bb6px\u00a0\u00bb sticky_enabled=\u00a0\u00bb0&Prime; height_tablet=\u00a0\u00bb8px\u00a0\u00bb][\/et_pb_section][et_pb_section fb_built=\u00a0\u00bb1&Prime; _builder_version=\u00a0\u00bb4.19.4&Prime; _module_preset=\u00a0\u00bbdefault\u00a0\u00bb global_colors_info=\u00a0\u00bb{}\u00a0\u00bb][et_pb_row _builder_version=\u00a0\u00bb4.19.4&Prime; _module_preset=\u00a0\u00bbdefault\u00a0\u00bb hover_enabled=\u00a0\u00bb0&Prime; global_colors_info=\u00a0\u00bb{}\u00a0\u00bb custom_padding_last_edited=\u00a0\u00bbon|phone\u00a0\u00bb custom_padding_phone=\u00a0\u00bb0px||||false|false\u00a0\u00bb sticky_enabled=\u00a0\u00bb0&Prime;][et_pb_column type=\u00a0\u00bb4_4&Prime; _builder_version=\u00a0\u00bb4.19.4&Prime; _module_preset=\u00a0\u00bbdefault\u00a0\u00bb global_colors_info=\u00a0\u00bb{}\u00a0\u00bb][et_pb_filterable_portfolio fullwidth=\u00a0\u00bboff\u00a0\u00bb posts_number=\u00a0\u00bb30&Prime; include_categories=\u00a0\u00bb4,6,7,5,8&Prime; show_categories=\u00a0\u00bboff\u00a0\u00bb _builder_version=\u00a0\u00bb4.19.4&Prime; _module_preset=\u00a0\u00bbdefault\u00a0\u00bb title_font=\u00a0\u00bbQuicksand||||||||\u00a0\u00bb title_font_size=\u00a0\u00bb16px\u00a0\u00bb filter_font=\u00a0\u00bbQuicksand||||||||\u00a0\u00bb filter_font_size=\u00a0\u00bb16px\u00a0\u00bb caption_font=\u00a0\u00bbQuicksand||||||||\u00a0\u00bb text_orientation=\u00a0\u00bbcenter\u00a0\u00bb hover_enabled=\u00a0\u00bb0&Prime; global_colors_info=\u00a0\u00bb{}\u00a0\u00bb sticky_enabled=\u00a0\u00bb0&Prime;][\/et_pb_filterable_portfolio][\/et_pb_column][\/et_pb_row][\/et_pb_section]","protected":false},"excerpt":{"rendered":"<p>Tous nos produits sont fabriqu\u00e9s de fa\u00e7on artisanale en France \u00e0 partir de bons ingr\u00e9dients de nos r\u00e9gions.<\/p>","protected":false},"author":1,"featured_media":0,"parent":0,"menu_order":0,"comment_status":"closed","ping_status":"closed","template":"","meta":{"_et_pb_use_builder":"on","_et_pb_old_content":"","_et_gb_content_width":"","_monsterinsights_skip_tracking":false,"_monsterinsights_sitenote_active":false,"_monsterinsights_sitenote_note":"","_monsterinsights_sitenote_category":0,"footnotes":""},"class_list":["post-51","page","type-page","status-publish","hentry"],"yoast_head":"<!-- This site is optimized with the Yoast SEO plugin v21.4 - https:\/\/yoast.com\/wordpress\/plugins\/seo\/ -->\n<title>Nos produits - Merci Mamie<\/title>\n<meta name=\"description\" content=\"Tous nos produits sont fabriqu\u00e9s de fa\u00e7on artisanale en France \u00e0 partir de bons ingr\u00e9dients de nos r\u00e9gions.\" \/>\n<meta name=\"robots\" content=\"index, follow, max-snippet:-1, max-image-preview:large, max-video-preview:-1\" \/>\n<link rel=\"canonical\" href=\"https:\/\/mercimamie.com\/en\/nos-produits\/\" \/>\n<meta property=\"og:locale\" content=\"en_US\" \/>\n<meta property=\"og:type\" content=\"article\" \/>\n<meta property=\"og:title\" content=\"Nos produits - Merci Mamie\" \/>\n<meta property=\"og:description\" content=\"Tous nos produits sont fabriqu\u00e9s de fa\u00e7on artisanale en France \u00e0 partir de bons ingr\u00e9dients de nos r\u00e9gions.\" \/>\n<meta property=\"og:url\" content=\"https:\/\/mercimamie.com\/en\/nos-produits\/\" \/>\n<meta property=\"og:site_name\" content=\"Merci Mamie\" \/>\n<meta property=\"article:publisher\" content=\"https:\/\/www.facebook.com\/mamie.normandie.1897\" \/>\n<meta property=\"article:modified_time\" content=\"2023-01-16T10:17:48+00:00\" \/>\n<meta name=\"twitter:card\" content=\"summary_large_image\" \/>\n<meta name=\"twitter:label1\" content=\"Est. reading time\" \/>\n\t<meta name=\"twitter:data1\" content=\"1 minute\" \/>\n<script type=\"application\/ld+json\" class=\"yoast-schema-graph\">{\"@context\":\"https:\/\/schema.org\",\"@graph\":[{\"@type\":\"WebPage\",\"@id\":\"https:\/\/mercimamie.com\/nos-produits\/\",\"url\":\"https:\/\/mercimamie.com\/nos-produits\/\",\"name\":\"Nos produits - Merci Mamie\",\"isPartOf\":{\"@id\":\"https:\/\/mercimamie.com\/#website\"},\"datePublished\":\"2022-12-20T11:04:15+00:00\",\"dateModified\":\"2023-01-16T10:17:48+00:00\",\"description\":\"Tous nos produits sont fabriqu\u00e9s de fa\u00e7on artisanale en France \u00e0 partir de bons ingr\u00e9dients de nos r\u00e9gions.\",\"breadcrumb\":{\"@id\":\"https:\/\/mercimamie.com\/nos-produits\/#breadcrumb\"},\"inLanguage\":\"en-US\",\"potentialAction\":[{\"@type\":\"ReadAction\",\"target\":[\"https:\/\/mercimamie.com\/nos-produits\/\"]}]},{\"@type\":\"BreadcrumbList\",\"@id\":\"https:\/\/mercimamie.com\/nos-produits\/#breadcrumb\",\"itemListElement\":[{\"@type\":\"ListItem\",\"position\":1,\"name\":\"Accueil\",\"item\":\"https:\/\/mercimamie.com\/\"},{\"@type\":\"ListItem\",\"position\":2,\"name\":\"Nos produits\"}]},{\"@type\":\"WebSite\",\"@id\":\"https:\/\/mercimamie.com\/#website\",\"url\":\"https:\/\/mercimamie.com\/\",\"name\":\"Merci Mamie\",\"description\":\"Retrouvez le go\u00fbt de votre enfance\",\"publisher\":{\"@id\":\"https:\/\/mercimamie.com\/#organization\"},\"potentialAction\":[{\"@type\":\"SearchAction\",\"target\":{\"@type\":\"EntryPoint\",\"urlTemplate\":\"https:\/\/mercimamie.com\/?s={search_term_string}\"},\"query-input\":\"required name=search_term_string\"}],\"inLanguage\":\"en-US\"},{\"@type\":\"Organization\",\"@id\":\"https:\/\/mercimamie.com\/#organization\",\"name\":\"Merci Mamie\",\"url\":\"https:\/\/mercimamie.com\/\",\"logo\":{\"@type\":\"ImageObject\",\"inLanguage\":\"en-US\",\"@id\":\"https:\/\/mercimamie.com\/#\/schema\/logo\/image\/\",\"url\":\"https:\/\/mercimamie.com\/wp-content\/uploads\/2022\/12\/MerciMamie_Logo-2.png\",\"contentUrl\":\"https:\/\/mercimamie.com\/wp-content\/uploads\/2022\/12\/MerciMamie_Logo-2.png\",\"width\":1202,\"height\":742,\"caption\":\"Merci Mamie\"},\"image\":{\"@id\":\"https:\/\/mercimamie.com\/#\/schema\/logo\/image\/\"},\"sameAs\":[\"https:\/\/www.facebook.com\/mamie.normandie.1897\",\"https:\/\/www.instagram.com\/mercimamie_fr\/\"]}]}<\/script>\n<!-- \/ Yoast SEO plugin. -->","yoast_head_json":{"title":"Nos produits - Merci Mamie","description":"Tous nos produits sont fabriqu\u00e9s de fa\u00e7on artisanale en France \u00e0 partir de bons ingr\u00e9dients de nos r\u00e9gions.","robots":{"index":"index","follow":"follow","max-snippet":"max-snippet:-1","max-image-preview":"max-image-preview:large","max-video-preview":"max-video-preview:-1"},"canonical":"https:\/\/mercimamie.com\/en\/nos-produits\/","og_locale":"en_US","og_type":"article","og_title":"Nos produits - Merci Mamie","og_description":"Tous nos produits sont fabriqu\u00e9s de fa\u00e7on artisanale en France \u00e0 partir de bons ingr\u00e9dients de nos r\u00e9gions.","og_url":"https:\/\/mercimamie.com\/en\/nos-produits\/","og_site_name":"Merci Mamie","article_publisher":"https:\/\/www.facebook.com\/mamie.normandie.1897","article_modified_time":"2023-01-16T10:17:48+00:00","twitter_card":"summary_large_image","twitter_misc":{"Est. reading time":"1 minute"},"schema":{"@context":"https:\/\/schema.org","@graph":[{"@type":"WebPage","@id":"https:\/\/mercimamie.com\/nos-produits\/","url":"https:\/\/mercimamie.com\/nos-produits\/","name":"Nos produits - Merci Mamie","isPartOf":{"@id":"https:\/\/mercimamie.com\/#website"},"datePublished":"2022-12-20T11:04:15+00:00","dateModified":"2023-01-16T10:17:48+00:00","description":"Tous nos produits sont fabriqu\u00e9s de fa\u00e7on artisanale en France \u00e0 partir de bons ingr\u00e9dients de nos r\u00e9gions.","breadcrumb":{"@id":"https:\/\/mercimamie.com\/nos-produits\/#breadcrumb"},"inLanguage":"en-US","potentialAction":[{"@type":"ReadAction","target":["https:\/\/mercimamie.com\/nos-produits\/"]}]},{"@type":"BreadcrumbList","@id":"https:\/\/mercimamie.com\/nos-produits\/#breadcrumb","itemListElement":[{"@type":"ListItem","position":1,"name":"Accueil","item":"https:\/\/mercimamie.com\/"},{"@type":"ListItem","position":2,"name":"Nos produits"}]},{"@type":"WebSite","@id":"https:\/\/mercimamie.com\/#website","url":"https:\/\/mercimamie.com\/","name":"Merci Mamie","description":"Retrouvez le go\u00fbt de votre enfance","publisher":{"@id":"https:\/\/mercimamie.com\/#organization"},"potentialAction":[{"@type":"SearchAction","target":{"@type":"EntryPoint","urlTemplate":"https:\/\/mercimamie.com\/?s={search_term_string}"},"query-input":"required name=search_term_string"}],"inLanguage":"en-US"},{"@type":"Organization","@id":"https:\/\/mercimamie.com\/#organization","name":"Merci Mamie","url":"https:\/\/mercimamie.com\/","logo":{"@type":"ImageObject","inLanguage":"en-US","@id":"https:\/\/mercimamie.com\/#\/schema\/logo\/image\/","url":"https:\/\/mercimamie.com\/wp-content\/uploads\/2022\/12\/MerciMamie_Logo-2.png","contentUrl":"https:\/\/mercimamie.com\/wp-content\/uploads\/2022\/12\/MerciMamie_Logo-2.png","width":1202,"height":742,"caption":"Merci Mamie"},"image":{"@id":"https:\/\/mercimamie.com\/#\/schema\/logo\/image\/"},"sameAs":["https:\/\/www.facebook.com\/mamie.normandie.1897","https:\/\/www.instagram.com\/mercimamie_fr\/"]}]}},"_links":{"self":[{"href":"https:\/\/mercimamie.com\/en\/wp-json\/wp\/v2\/pages\/51","targetHints":{"allow":["GET"]}}],"collection":[{"href":"https:\/\/mercimamie.com\/en\/wp-json\/wp\/v2\/pages"}],"about":[{"href":"https:\/\/mercimamie.com\/en\/wp-json\/wp\/v2\/types\/page"}],"author":[{"embeddable":true,"href":"https:\/\/mercimamie.com\/en\/wp-json\/wp\/v2\/users\/1"}],"replies":[{"embeddable":true,"href":"https:\/\/mercimamie.com\/en\/wp-json\/wp\/v2\/comments?post=51"}],"version-history":[{"count":15,"href":"https:\/\/mercimamie.com\/en\/wp-json\/wp\/v2\/pages\/51\/revisions"}],"predecessor-version":[{"id":791,"href":"https:\/\/mercimamie.com\/en\/wp-json\/wp\/v2\/pages\/51\/revisions\/791"}],"wp:attachment":[{"href":"https:\/\/mercimamie.com\/en\/wp-json\/wp\/v2\/media?parent=51"}],"curies":[{"name":"wp","href":"https:\/\/api.w.org\/{rel}","templated":true}]}}