{"id":292,"date":"2022-12-26T15:46:32","date_gmt":"2022-12-26T14:46:32","guid":{"rendered":"https:\/\/mercimamie.com\/?page_id=292"},"modified":"2023-01-16T10:13:28","modified_gmt":"2023-01-16T09:13:28","slug":"mentions-sanitaires","status":"publish","type":"page","link":"https:\/\/mercimamie.com\/en\/mentions-sanitaires\/","title":{"rendered":"Health notices"},"content":{"rendered":"[et_pb_section fb_built=\u00a0\u00bb1&Prime; _builder_version=\u00a0\u00bb4.19.4&Prime; _module_preset=\u00a0\u00bbdefault\u00a0\u00bb background_color=\u00a0\u00bb#F3F4F6&Prime; global_colors_info=\u00a0\u00bb{}\u00a0\u00bb theme_builder_area=\u00a0\u00bbpost_content\u00a0\u00bb][et_pb_row _builder_version=\u00a0\u00bb4.19.4&Prime; _module_preset=\u00a0\u00bbdefault\u00a0\u00bb global_colors_info=\u00a0\u00bb{}\u00a0\u00bb theme_builder_area=\u00a0\u00bbpost_content\u00a0\u00bb][et_pb_column type=\u00a0\u00bb4_4&Prime; _builder_version=\u00a0\u00bb4.19.4&Prime; _module_preset=\u00a0\u00bbdefault\u00a0\u00bb global_colors_info=\u00a0\u00bb{}\u00a0\u00bb theme_builder_area=\u00a0\u00bbpost_content\u00a0\u00bb][et_pb_text _builder_version=\u00a0\u00bb4.19.4&Prime; _module_preset=\u00a0\u00bbdefault\u00a0\u00bb text_font=\u00a0\u00bbPlayfair Display||on||||||\u00a0\u00bb text_text_color=\u00a0\u00bb#2F7ECE\u00a0\u00bb text_font_size=\u00a0\u00bb40px\u00a0\u00bb text_orientation=\u00a0\u00bbcenter\u00a0\u00bb hover_enabled=\u00a0\u00bb0&Prime; global_colors_info=\u00a0\u00bb{}\u00a0\u00bb theme_builder_area=\u00a0\u00bbpost_content\u00a0\u00bb sticky_enabled=\u00a0\u00bb0&Prime;]<p>Health notices<\/p>[\/et_pb_text][\/et_pb_column][\/et_pb_row][\/et_pb_section][et_pb_section fb_built=\u00a0\u00bb1&Prime; _builder_version=\u00a0\u00bb4.19.4&Prime; _module_preset=\u00a0\u00bbdefault\u00a0\u00bb global_colors_info=\u00a0\u00bb{}\u00a0\u00bb theme_builder_area=\u00a0\u00bbpost_content\u00a0\u00bb][et_pb_row _builder_version=\u00a0\u00bb4.19.4&Prime; _module_preset=\u00a0\u00bbdefault\u00a0\u00bb global_colors_info=\u00a0\u00bb{}\u00a0\u00bb theme_builder_area=\u00a0\u00bbpost_content\u00a0\u00bb][et_pb_column type=\u00a0\u00bb4_4&Prime; _builder_version=\u00a0\u00bb4.19.4&Prime; _module_preset=\u00a0\u00bbdefault\u00a0\u00bb global_colors_info=\u00a0\u00bb{}\u00a0\u00bb theme_builder_area=\u00a0\u00bbpost_content\u00a0\u00bb][et_pb_text _builder_version=\u00a0\u00bb4.19.4&Prime; _module_preset=\u00a0\u00bbdefault\u00a0\u00bb text_font=\u00a0\u00bbQuicksand||||||||\u00a0\u00bb hover_enabled=\u00a0\u00bb0&Prime; global_colors_info=\u00a0\u00bb{}\u00a0\u00bb theme_builder_area=\u00a0\u00bbpost_content\u00a0\u00bb sticky_enabled=\u00a0\u00bb0&Prime;]<h5><span>Pour votre sant\u00e9 :<\/span><\/h5>\n<ul>\n<li>\n<h5><span>Mangez au moins cinq fruits et l\u00e9gumes par jour<\/span><\/h5>\n<\/li>\n<li>\n<h5><span>Pratiquez une activit\u00e9 physique r\u00e9guli\u00e8re<\/span><\/h5>\n<\/li>\n<li>\n<h5><span>\u00c9vitez de manger trop gras, trop sucr\u00e9, trop sal\u00e9<\/span><\/h5>\n<\/li>\n<li>\n<h5><span>\u00c9vitez de grignoter entre les repas<\/span><\/h5>\n<\/li>\n<\/ul>\n<h5><\/h5>\n<h5>Plus d&rsquo;informations sur : <span style=\"text-decoration: underline;\"><a href=\"https:\/\/www.mangerbouger.fr\">www.mangerbouger.fr<\/a><\/span><\/h5>[\/et_pb_text][\/et_pb_column][\/et_pb_row][\/et_pb_section]","protected":false},"excerpt":{"rendered":"<p>Mentions sanitairesPour votre sant\u00e9 : Mangez au moins cinq fruits et l\u00e9gumes par jour Pratiquez une activit\u00e9 physique r\u00e9guli\u00e8re \u00c9vitez de manger trop gras, trop sucr\u00e9, trop sal\u00e9 \u00c9vitez de grignoter entre les repas Plus d&rsquo;informations sur : www.mangerbouger.fr<\/p>","protected":false},"author":1,"featured_media":0,"parent":0,"menu_order":0,"comment_status":"closed","ping_status":"closed","template":"","meta":{"_et_pb_use_builder":"on","_et_pb_old_content":"","_et_gb_content_width":"","_monsterinsights_skip_tracking":false,"_monsterinsights_sitenote_active":false,"_monsterinsights_sitenote_note":"","_monsterinsights_sitenote_category":0,"footnotes":""},"class_list":["post-292","page","type-page","status-publish","hentry"],"yoast_head":"<!-- This site is optimized with the Yoast SEO plugin v21.4 - https:\/\/yoast.com\/wordpress\/plugins\/seo\/ -->\n<title>Mentions sanitaires - Merci Mamie<\/title>\n<meta name=\"robots\" content=\"noindex, nofollow\" \/>\n<meta property=\"og:locale\" content=\"en_US\" \/>\n<meta property=\"og:type\" content=\"article\" \/>\n<meta property=\"og:title\" content=\"Mentions sanitaires - Merci Mamie\" \/>\n<meta property=\"og:description\" content=\"Mentions sanitairesPour votre sant\u00e9 : Mangez au moins cinq fruits et l\u00e9gumes par jour Pratiquez une activit\u00e9 physique r\u00e9guli\u00e8re \u00c9vitez de manger trop gras, trop sucr\u00e9, trop sal\u00e9 \u00c9vitez de grignoter entre les repas Plus d&#039;informations sur : www.mangerbouger.fr\" \/>\n<meta property=\"og:url\" content=\"https:\/\/mercimamie.com\/en\/mentions-sanitaires\/\" \/>\n<meta property=\"og:site_name\" content=\"Merci Mamie\" \/>\n<meta property=\"article:publisher\" content=\"https:\/\/www.facebook.com\/mamie.normandie.1897\" \/>\n<meta property=\"article:modified_time\" content=\"2023-01-16T09:13:28+00:00\" \/>\n<meta name=\"twitter:card\" content=\"summary_large_image\" \/>\n<meta name=\"twitter:label1\" content=\"Est. reading time\" \/>\n\t<meta name=\"twitter:data1\" content=\"1 minute\" \/>\n<script type=\"application\/ld+json\" class=\"yoast-schema-graph\">{\"@context\":\"https:\/\/schema.org\",\"@graph\":[{\"@type\":\"WebPage\",\"@id\":\"https:\/\/mercimamie.com\/mentions-sanitaires\/\",\"url\":\"https:\/\/mercimamie.com\/mentions-sanitaires\/\",\"name\":\"Mentions sanitaires - Merci Mamie\",\"isPartOf\":{\"@id\":\"https:\/\/mercimamie.com\/#website\"},\"datePublished\":\"2022-12-26T14:46:32+00:00\",\"dateModified\":\"2023-01-16T09:13:28+00:00\",\"breadcrumb\":{\"@id\":\"https:\/\/mercimamie.com\/mentions-sanitaires\/#breadcrumb\"},\"inLanguage\":\"en-US\",\"potentialAction\":[{\"@type\":\"ReadAction\",\"target\":[\"https:\/\/mercimamie.com\/mentions-sanitaires\/\"]}]},{\"@type\":\"BreadcrumbList\",\"@id\":\"https:\/\/mercimamie.com\/mentions-sanitaires\/#breadcrumb\",\"itemListElement\":[{\"@type\":\"ListItem\",\"position\":1,\"name\":\"Accueil\",\"item\":\"https:\/\/mercimamie.com\/\"},{\"@type\":\"ListItem\",\"position\":2,\"name\":\"Mentions sanitaires\"}]},{\"@type\":\"WebSite\",\"@id\":\"https:\/\/mercimamie.com\/#website\",\"url\":\"https:\/\/mercimamie.com\/\",\"name\":\"Merci Mamie\",\"description\":\"Retrouvez le go\u00fbt de votre enfance\",\"publisher\":{\"@id\":\"https:\/\/mercimamie.com\/#organization\"},\"potentialAction\":[{\"@type\":\"SearchAction\",\"target\":{\"@type\":\"EntryPoint\",\"urlTemplate\":\"https:\/\/mercimamie.com\/?s={search_term_string}\"},\"query-input\":\"required name=search_term_string\"}],\"inLanguage\":\"en-US\"},{\"@type\":\"Organization\",\"@id\":\"https:\/\/mercimamie.com\/#organization\",\"name\":\"Merci Mamie\",\"url\":\"https:\/\/mercimamie.com\/\",\"logo\":{\"@type\":\"ImageObject\",\"inLanguage\":\"en-US\",\"@id\":\"https:\/\/mercimamie.com\/#\/schema\/logo\/image\/\",\"url\":\"https:\/\/mercimamie.com\/wp-content\/uploads\/2022\/12\/MerciMamie_Logo-2.png\",\"contentUrl\":\"https:\/\/mercimamie.com\/wp-content\/uploads\/2022\/12\/MerciMamie_Logo-2.png\",\"width\":1202,\"height\":742,\"caption\":\"Merci Mamie\"},\"image\":{\"@id\":\"https:\/\/mercimamie.com\/#\/schema\/logo\/image\/\"},\"sameAs\":[\"https:\/\/www.facebook.com\/mamie.normandie.1897\",\"https:\/\/www.instagram.com\/mercimamie_fr\/\"]}]}<\/script>\n<!-- \/ Yoast SEO plugin. -->","yoast_head_json":{"title":"Mentions sanitaires - Merci Mamie","robots":{"index":"noindex","follow":"nofollow"},"og_locale":"en_US","og_type":"article","og_title":"Mentions sanitaires - Merci Mamie","og_description":"Mentions sanitairesPour votre sant\u00e9 : Mangez au moins cinq fruits et l\u00e9gumes par jour Pratiquez une activit\u00e9 physique r\u00e9guli\u00e8re \u00c9vitez de manger trop gras, trop sucr\u00e9, trop sal\u00e9 \u00c9vitez de grignoter entre les repas Plus d'informations sur : www.mangerbouger.fr","og_url":"https:\/\/mercimamie.com\/en\/mentions-sanitaires\/","og_site_name":"Merci Mamie","article_publisher":"https:\/\/www.facebook.com\/mamie.normandie.1897","article_modified_time":"2023-01-16T09:13:28+00:00","twitter_card":"summary_large_image","twitter_misc":{"Est. reading time":"1 minute"},"schema":{"@context":"https:\/\/schema.org","@graph":[{"@type":"WebPage","@id":"https:\/\/mercimamie.com\/mentions-sanitaires\/","url":"https:\/\/mercimamie.com\/mentions-sanitaires\/","name":"Mentions sanitaires - Merci Mamie","isPartOf":{"@id":"https:\/\/mercimamie.com\/#website"},"datePublished":"2022-12-26T14:46:32+00:00","dateModified":"2023-01-16T09:13:28+00:00","breadcrumb":{"@id":"https:\/\/mercimamie.com\/mentions-sanitaires\/#breadcrumb"},"inLanguage":"en-US","potentialAction":[{"@type":"ReadAction","target":["https:\/\/mercimamie.com\/mentions-sanitaires\/"]}]},{"@type":"BreadcrumbList","@id":"https:\/\/mercimamie.com\/mentions-sanitaires\/#breadcrumb","itemListElement":[{"@type":"ListItem","position":1,"name":"Accueil","item":"https:\/\/mercimamie.com\/"},{"@type":"ListItem","position":2,"name":"Mentions sanitaires"}]},{"@type":"WebSite","@id":"https:\/\/mercimamie.com\/#website","url":"https:\/\/mercimamie.com\/","name":"Merci Mamie","description":"Retrouvez le go\u00fbt de votre enfance","publisher":{"@id":"https:\/\/mercimamie.com\/#organization"},"potentialAction":[{"@type":"SearchAction","target":{"@type":"EntryPoint","urlTemplate":"https:\/\/mercimamie.com\/?s={search_term_string}"},"query-input":"required name=search_term_string"}],"inLanguage":"en-US"},{"@type":"Organization","@id":"https:\/\/mercimamie.com\/#organization","name":"Merci Mamie","url":"https:\/\/mercimamie.com\/","logo":{"@type":"ImageObject","inLanguage":"en-US","@id":"https:\/\/mercimamie.com\/#\/schema\/logo\/image\/","url":"https:\/\/mercimamie.com\/wp-content\/uploads\/2022\/12\/MerciMamie_Logo-2.png","contentUrl":"https:\/\/mercimamie.com\/wp-content\/uploads\/2022\/12\/MerciMamie_Logo-2.png","width":1202,"height":742,"caption":"Merci Mamie"},"image":{"@id":"https:\/\/mercimamie.com\/#\/schema\/logo\/image\/"},"sameAs":["https:\/\/www.facebook.com\/mamie.normandie.1897","https:\/\/www.instagram.com\/mercimamie_fr\/"]}]}},"_links":{"self":[{"href":"https:\/\/mercimamie.com\/en\/wp-json\/wp\/v2\/pages\/292","targetHints":{"allow":["GET"]}}],"collection":[{"href":"https:\/\/mercimamie.com\/en\/wp-json\/wp\/v2\/pages"}],"about":[{"href":"https:\/\/mercimamie.com\/en\/wp-json\/wp\/v2\/types\/page"}],"author":[{"embeddable":true,"href":"https:\/\/mercimamie.com\/en\/wp-json\/wp\/v2\/users\/1"}],"replies":[{"embeddable":true,"href":"https:\/\/mercimamie.com\/en\/wp-json\/wp\/v2\/comments?post=292"}],"version-history":[{"count":4,"href":"https:\/\/mercimamie.com\/en\/wp-json\/wp\/v2\/pages\/292\/revisions"}],"predecessor-version":[{"id":784,"href":"https:\/\/mercimamie.com\/en\/wp-json\/wp\/v2\/pages\/292\/revisions\/784"}],"wp:attachment":[{"href":"https:\/\/mercimamie.com\/en\/wp-json\/wp\/v2\/media?parent=292"}],"curies":[{"name":"wp","href":"https:\/\/api.w.org\/{rel}","templated":true}]}}